{"id":16,"date":"2009-07-09T17:58:49","date_gmt":"2009-07-09T15:58:49","guid":{"rendered":"http:\/\/localhost\/lucentum\/?page_id=16"},"modified":"2014-07-21T12:36:05","modified_gmt":"2014-07-21T10:36:05","slug":"la-federacion","status":"publish","type":"page","link":"https:\/\/lucentumconsumidores.org\/?page_id=16","title":{"rendered":"La Federaci\u00f3n"},"content":{"rendered":"<h1>\u00bfQu\u00e9 es \u00abLucentum\u00bb?<\/h1>\n<p style=\"text-align: justify;\"><strong>\u00abLucemtum\u00bb<\/strong> es una Federaci\u00f3n de \u00e1mbito provincial, integrada por diferentes entidades jur\u00eddicas de Amas de Casa, sin fines de lucro, independiente de los poderes p\u00fablicos, de las empresas privadas y ajena a cualquier ideolog\u00eda pol\u00edtica, partidista o confesional.<\/p>\n<p style=\"text-align: justify;\">Se constituye en el a\u00f1o 1967, como Asociaci\u00f3n provincial, con el objeto de agrupar a las amas de casa para estudiar, promover y arbitrar toda clase de posibles soluciones a la problem\u00e1tica general de la mujer, en el \u00e1mbito familiar y del hogar, as\u00ed como su integraci\u00f3n social.<\/p>\n<p style=\"text-align: justify;\">En el a\u00f1o 1985 es declarada por el Ministerio del Interior de Utilidad P\u00fablica y el 30 de mayo de 1986 por el Excmo. Ayuntamiento de Alicante de Inter\u00e9s Municipal. Inscrita en los registros nacional, de la Comunidad Valenciana y Provincial.<\/p>\n<p style=\"text-align: justify;\"><img loading=\"lazy\" decoding=\"async\" class=\"alignright size-medium wp-image-221\" title=\"momento-clausura-directora-de-la-mujer\" src=\"https:\/\/lucentumconsumidores.org\/wp-content\/uploads\/2009\/07\/momento-clausura-directora-de-la-mujer-300x225.jpg\" alt=\"momento-clausura-directora-de-la-mujer\" width=\"300\" height=\"225\" srcset=\"https:\/\/lucentumconsumidores.org\/wp-content\/uploads\/2009\/07\/momento-clausura-directora-de-la-mujer-300x225.jpg 300w, https:\/\/lucentumconsumidores.org\/wp-content\/uploads\/2009\/07\/momento-clausura-directora-de-la-mujer.jpg 1024w\" sizes=\"auto, (max-width: 300px) 100vw, 300px\" \/><\/p>\n<p style=\"text-align: justify;\">Desde sus inicios, el objetivo de \u00abLucentum\u00bb, ha sido el trabajar en la formaci\u00f3n y defensa del consumidor, as\u00ed como en la consecuci\u00f3n del reconocimiento social, econ\u00f3mico y laboral del trabajo del ama de casa, el fomento del asociacionismo y la representaci\u00f3n y participaci\u00f3n en organismos p\u00fablicos, salvaguardando los valores de la igualdad, la justicia y la \u00e9tica.<\/p>\n<p style=\"text-align: justify;\"><img loading=\"lazy\" decoding=\"async\" class=\"alignleft size-medium wp-image-219\" title=\"20140326_114945\" src=\"https:\/\/lucentumconsumidores.org\/wp-content\/uploads\/2009\/07\/20140326_114945-225x300.jpg\" alt=\"20140326_114945\" width=\"225\" height=\"300\" srcset=\"https:\/\/lucentumconsumidores.org\/wp-content\/uploads\/2009\/07\/20140326_114945-225x300.jpg 225w, https:\/\/lucentumconsumidores.org\/wp-content\/uploads\/2009\/07\/20140326_114945-768x1024.jpg 768w\" sizes=\"auto, (max-width: 225px) 100vw, 225px\" \/><\/p>\n<p style=\"text-align: justify;\"><strong>\u00abLucemtum\u00bb<\/strong> cuenta con un gabinete de asesoramiento jur\u00eddico que atiende gratuitamente consultas. Desde su gabinete de informaci\u00f3n al consumidor, tramita reclamaciones y defiende a los consumidores ante la Junta Arbitral de Consumo. dispone de un gabinete de asistencia psicol\u00f3gica, tambi\u00e9n gratuito.<\/p>\n<p style=\"text-align: justify;\">Organiza cursos de formaci\u00f3n, jornadas, congresos sobre mujer, consumo, medio ambiente, as\u00ed como actividades culturales de prevenci\u00f3n en drogodependencia, sanidad, protocolo&#8230;..<\/p>\n<p style=\"text-align: justify;\">Convoca concursos literarios y exposiciones de pintura, fotograf\u00eda y artes plasticas. Asiste a mesas redondas, programas de radio y televisi\u00f3n, en su continua lucha defendiendo los derechos de la mujer y los consumidores.<\/p>\n<p style=\"text-align: justify;\">Edita un boletin trimestrar para informar a sus asociadas de todas las actividades culturales, de trabajo, de ocio&#8230;.<\/p>\n<p style=\"text-align: justify;\">A\u00f1o tras a\u00f1o, \u00abLucentum\u00bb fue creciendo y en 1992 celebr\u00f3 con gran entusiasmo y brillantez su XXV aniversario, a cuyos actos de conmemoraci\u00f3n acudieron cientos de mujeres de toda nuestra provincia, siendo noticia importante en distintos medios de comunicaci\u00f3n. Otorg\u00e1ndonos el premio IMPORTANTES el pedi\u00f3dico \u00abInformaci\u00f3n\u00bb.<\/p>\n<p style=\"text-align: justify;\">El 25 de febrero de 1997, <strong>\u00abLucentum\u00bb <\/strong>qued\u00f3 constituida como Federaci\u00f3n Provincial de Asociaciones de Amas de Casa y consumidores \u00abLucentum\u00bb, estando adheridas a la misma 87 asociaciones de la provincia, m\u00e1s la de Alicante. Agrupando un total de 48.406 asociadas.<\/p>\n<p style=\"text-align: justify;\">Otro de los logros conseguidos y que fue un evento muy importante para nuestro colectivo, siti\u00f3 en poder celebrar en nuestra ciudad, tras un importante trabajo el 1\u00ba Congreso Nacional de Casa y Consumidores, del nuevo milenio, al que asistieron m\u00e1s de 400 congresistas de toda Espa\u00f1a, as\u00ed como de la Comunidad Valenciana.<\/p>\n<p style=\"text-align: justify;\"><img loading=\"lazy\" decoding=\"async\" class=\"alignleft size-medium wp-image-222\" title=\"20140618_165956\" src=\"https:\/\/lucentumconsumidores.org\/wp-content\/uploads\/2009\/07\/20140618_165956-300x225.jpg\" alt=\"20140618_165956\" width=\"300\" height=\"225\" srcset=\"https:\/\/lucentumconsumidores.org\/wp-content\/uploads\/2009\/07\/20140618_165956-300x225.jpg 300w, https:\/\/lucentumconsumidores.org\/wp-content\/uploads\/2009\/07\/20140618_165956-1024x768.jpg 1024w\" sizes=\"auto, (max-width: 300px) 100vw, 300px\" \/><\/p>\n<p style=\"text-align: justify;\">Hoy en d\u00eda las personas que formamos la Junta directiva, con nuestra Presidenta Provincial encabez\u00e1ndola, ponemos todo un esfuerzo, empe\u00f1o y entusiasmo para conseguir los fines para lo que fue constituida y as\u00ed <strong>\u00abLucentum\u00bb <\/strong>sigue funcionando, creciendo y en definitiva est\u00e1 viva.<\/p>\n<p style=\"text-align: justify;\">\n<p style=\"text-align: justify;\">\n<p style=\"text-align: justify;\">\n<p style=\"text-align: justify;\">\n<p style=\"text-align: justify;\"><img loading=\"lazy\" decoding=\"async\" class=\"aligncenter size-medium wp-image-223\" title=\"img-20140618-wa0006\" src=\"https:\/\/lucentumconsumidores.org\/wp-content\/uploads\/2009\/07\/img-20140618-wa0006-300x225.jpg\" alt=\"img-20140618-wa0006\" width=\"300\" height=\"225\" srcset=\"https:\/\/lucentumconsumidores.org\/wp-content\/uploads\/2009\/07\/img-20140618-wa0006-300x225.jpg 300w, https:\/\/lucentumconsumidores.org\/wp-content\/uploads\/2009\/07\/img-20140618-wa0006.jpg 800w\" sizes=\"auto, (max-width: 300px) 100vw, 300px\" \/><\/p>\n","protected":false},"excerpt":{"rendered":"<p>\u00bfQu\u00e9 es \u00abLucentum\u00bb? \u00abLucemtum\u00bb es una Federaci\u00f3n de \u00e1mbito provincial, integrada por diferentes entidades jur\u00eddicas de Amas de Casa, sin fines de lucro, independiente de los poderes p\u00fablicos, de las empresas privadas y ajena a cualquier ideolog\u00eda pol\u00edtica, partidista o confesional. Se constituye en el a\u00f1o 1967, como Asociaci\u00f3n provincial, con el objeto de agrupar&#8230;<\/p>\n","protected":false},"author":1,"featured_media":3244,"parent":0,"menu_order":0,"comment_status":"closed","ping_status":"closed","template":"","meta":{"footnotes":""},"class_list":["post-16","page","type-page","status-publish","has-post-thumbnail","hentry"],"_links":{"self":[{"href":"https:\/\/lucentumconsumidores.org\/index.php?rest_route=\/wp\/v2\/pages\/16","targetHints":{"allow":["GET"]}}],"collection":[{"href":"https:\/\/lucentumconsumidores.org\/index.php?rest_route=\/wp\/v2\/pages"}],"about":[{"href":"https:\/\/lucentumconsumidores.org\/index.php?rest_route=\/wp\/v2\/types\/page"}],"author":[{"embeddable":true,"href":"https:\/\/lucentumconsumidores.org\/index.php?rest_route=\/wp\/v2\/users\/1"}],"replies":[{"embeddable":true,"href":"https:\/\/lucentumconsumidores.org\/index.php?rest_route=%2Fwp%2Fv2%2Fcomments&post=16"}],"version-history":[{"count":3,"href":"https:\/\/lucentumconsumidores.org\/index.php?rest_route=\/wp\/v2\/pages\/16\/revisions"}],"predecessor-version":[{"id":984,"href":"https:\/\/lucentumconsumidores.org\/index.php?rest_route=\/wp\/v2\/pages\/16\/revisions\/984"}],"wp:featuredmedia":[{"embeddable":true,"href":"https:\/\/lucentumconsumidores.org\/index.php?rest_route=\/"}],"wp:attachment":[{"href":"https:\/\/lucentumconsumidores.org\/index.php?rest_route=%2Fwp%2Fv2%2Fmedia&parent=16"}],"curies":[{"name":"wp","href":"https:\/\/api.w.org\/{rel}","templated":true}]}}